{"id":1702,"date":"2025-06-17T12:43:00","date_gmt":"2025-06-17T10:43:00","guid":{"rendered":"https:\/\/landare.org\/aviso-legal\/"},"modified":"2025-10-03T10:34:13","modified_gmt":"2025-10-03T08:34:13","slug":"lege-oharra","status":"publish","type":"page","link":"https:\/\/landare.org\/eu\/lege-oharra\/","title":{"rendered":"Lege oharra"},"content":{"rendered":"\t\t<div data-elementor-type=\"wp-page\" data-elementor-id=\"1702\" class=\"elementor elementor-1702 elementor-40\">\n\t\t\t\t<div class=\"elementor-element elementor-element-3d05ecd e-flex e-con-boxed e-con e-parent\" data-id=\"3d05ecd\" data-element_type=\"container\" data-e-type=\"container\">\n\t\t\t\t\t<div class=\"e-con-inner\">\n\t\t\t\t<div class=\"elementor-element elementor-element-18ebe6bb elementor-widget elementor-widget-text-editor\" data-id=\"18ebe6bb\" data-element_type=\"widget\" data-e-type=\"widget\" data-widget_type=\"text-editor.default\">\n\t\t\t\t<div class=\"elementor-widget-container\">\n\t\t\t\t\t\t\t\t\t<p><strong>ASOCIACI\u00d3N NAVARRA ASUNTOS RELACIONADOS CON LA ECOLOG\u00cdA LANDARE<\/strong><br \/>C.I.F.: G31428303<br \/>Helbidea: Traves\u00eda de Bernardino Tirapu 6-8, 31014, Iru\u00f1ea (Nafarroa)<br \/>Telefonoa: 948121308<br \/>Posta elektronikoa: coordinacion@landare.org<\/p><h3>\u00a0<\/h3><h3>1.- ERANTZUKIZUNAK ETA BERMEAK<\/h3><p>landare.org webgunera erabiltzailea borondatez sartu ahal izango da. Webgune honetan nabigatzeak esan nahi du erabiltzaileak ezagutzen eta onartzen dituela bertako lege-oharrak, erabilera-baldintzak eta pribatutasun-politika.<\/p><p>Webgune honetako informazioari zeinahi erabilera ematea erabiltzailearen eta soilik erabiltzailearen erantzukizunpekoa izango da. Hala, informazioa webgunearen helburuarekin bat eginda erabiltzeko konpromisoa hartu beharko du erabiltzaileak.<\/p><p>Erabiltzaileak ezingo dio eman legez kontrako erabilerarik webguneko informazioari, eta debekatuta dago eduki faltsuak edo okerrak txertatzea edo jakinaraztea.<\/p><p>ASOCIACION NAVARRA ASUNTOS RELACIONADOS CON LA ECOLOG\u00cdA LANDARE-k ahalegin handia egiten du webgunean argitaratzen diren edukietan akatsik egon ez dadin. Hala ere, beretzat gordetzen du noiznahi horiek aldatzeko eskubidea eta ez du bere gain hartuko eduki okerren edo zaharkituta daudenen ondoriozko erantzukizunik.<\/p><p>Webgune honek beste webgune batzuetarako estekak jar ditzake; LANDARE-k ez du bere gain hartzen estekatutako gune horietako edukien erantzukizunik.<\/p><p>LANDARE ez da webgune honen erabileratik eratorritako ondorioen edo kalteen erantzule izango, informatika-kalteak eta birusak txertatzea barne.<\/p><h3>\u00a0<\/h3><h3>2.- JABETZA INTELEKTUALA ETA INDUSTRIALA<\/h3><p>Webgune honetako edukiek (datu pertsonalek izan ezik) <strong>Creative Commons Aitortu \u2013 Partekatu berdin (CC-BY-SA) 4.0<\/strong> lizentzia dute.<br \/>Lizentzia honek erabiltzaileari edukiak kopiatu, birbanatu, egokitu eta berrerabiltzeko eskubidea ematen dio, baita helburu komertzialekin ere, betiere baldintzak errespetatuz (aitortza, partekatu berdin eta murrizketarik ez).<\/p><h3>\u00a0<\/h3><h3>3.- ALDAKETAK<\/h3><p>Baldintza hauek aldatu ahal izango dira, bai lege-aldaketei egokitzeko, bai hobekuntzak egiteko. Aldaketak argitaratzen diren unetik aurrera izango dira indarrean.<\/p><h3>\u00a0<\/h3><h3>4.- JURISDIKZIOA<\/h3><p>LANDARE eta erabiltzailearen arteko harremana indarrean den legediaren arabera arautuko da, eta beharrezkoa bada, <strong>Iru\u00f1eko epaitegi eta auzitegien<\/strong> mende jarriko dira aldeak, espresuki uko eginda beste edozein eskumeni.<\/p>\t\t\t\t\t\t\t\t<\/div>\n\t\t\t\t<\/div>\n\t\t\t\t\t<\/div>\n\t\t\t\t<\/div>\n\t\t\t\t<\/div>\n\t\t","protected":false},"excerpt":{"rendered":"<p>ASOCIACI\u00d3N NAVARRA ASUNTOS RELACIONADOS CON LA ECOLOG\u00cdA LANDAREC.I.F.: G31428303Helbidea: Traves\u00eda de Bernardino Tirapu 6-8, 31014, Iru\u00f1ea (Nafarroa)Telefonoa: 948121308Posta elektronikoa: coordinacion@landare.org \u00a0 1.- ERANTZUKIZUNAK ETA BERMEAK landare.org webgunera erabiltzailea borondatez sartu ahal izango da. Webgune honetan nabigatzeak esan nahi du erabiltzaileak ezagutzen eta onartzen dituela bertako lege-oharrak, erabilera-baldintzak eta pribatutasun-politika. Webgune honetako informazioari zeinahi erabilera ematea [&hellip;]<\/p>\n","protected":false},"author":1,"featured_media":0,"parent":0,"menu_order":0,"comment_status":"closed","ping_status":"closed","template":"elementor_header_footer","meta":{"cybocfi_hide_featured_image":"","footnotes":""},"class_list":["post-1702","page","type-page","status-publish","hentry"],"_links":{"self":[{"href":"https:\/\/landare.org\/eu\/wp-json\/wp\/v2\/pages\/1702","targetHints":{"allow":["GET"]}}],"collection":[{"href":"https:\/\/landare.org\/eu\/wp-json\/wp\/v2\/pages"}],"about":[{"href":"https:\/\/landare.org\/eu\/wp-json\/wp\/v2\/types\/page"}],"author":[{"embeddable":true,"href":"https:\/\/landare.org\/eu\/wp-json\/wp\/v2\/users\/1"}],"replies":[{"embeddable":true,"href":"https:\/\/landare.org\/eu\/wp-json\/wp\/v2\/comments?post=1702"}],"version-history":[{"count":7,"href":"https:\/\/landare.org\/eu\/wp-json\/wp\/v2\/pages\/1702\/revisions"}],"predecessor-version":[{"id":2228,"href":"https:\/\/landare.org\/eu\/wp-json\/wp\/v2\/pages\/1702\/revisions\/2228"}],"wp:attachment":[{"href":"https:\/\/landare.org\/eu\/wp-json\/wp\/v2\/media?parent=1702"}],"curies":[{"name":"wp","href":"https:\/\/api.w.org\/{rel}","templated":true}]}}