{"id":20,"date":"2025-06-17T09:13:27","date_gmt":"2025-06-17T07:13:27","guid":{"rendered":"https:\/\/landare.org\/politica-de-privacidad\/"},"modified":"2025-10-03T10:34:28","modified_gmt":"2025-10-03T08:34:28","slug":"pribatutasun-politika","status":"publish","type":"page","link":"https:\/\/landare.org\/eu\/pribatutasun-politika\/","title":{"rendered":"Pribatutasun politika"},"content":{"rendered":"\t\t<div data-elementor-type=\"wp-page\" data-elementor-id=\"20\" class=\"elementor elementor-20 elementor-3\">\n\t\t\t\t<div class=\"elementor-element elementor-element-5fa1d491 e-flex e-con-boxed e-con e-parent\" data-id=\"5fa1d491\" data-element_type=\"container\" data-e-type=\"container\">\n\t\t\t\t\t<div class=\"e-con-inner\">\n\t\t\t\t<div class=\"elementor-element elementor-element-531756d4 elementor-widget elementor-widget-text-editor\" data-id=\"531756d4\" data-element_type=\"widget\" data-e-type=\"widget\" data-widget_type=\"text-editor.default\">\n\t\t\t\t<div class=\"elementor-widget-container\">\n\t\t\t\t\t\t\t\t\t<p>Pribatutasun politika honek webgune honetako datu pertsonalen tratamenduen inguruan informazioa eskaintzen du eta interesdunen eskubideak deskribatzen ditu, <strong>679\/2016 (EB) Erregelamendua<\/strong> (RGPD) eta <strong>3\/2018 Lege Organikoa<\/strong> betez.<\/p><p>\u00a0<\/p><h3>NOR DA ZURE DATUEN ARDURADUNA?<\/h3><p><strong>ASOCIACION NAVARRA ASUNTOS RELACIONADOS CON LA ECOLOG\u00cdA LANDARE<\/strong><br \/>C.I.F.: G31428303<br \/>Helbidea: Traves\u00eda de Bernardino Tirapu 6-8, 31014, Iru\u00f1ea (Nafarroa)<br \/>Telefonoa: 948121308<br \/>Posta elektronikoa: coordinacion@landare.org<\/p><p>\u00a0<\/p><h3>ZER HELBURUREKIN TRATATZEN DITUGU ZURE DATUAK?<\/h3><p>LANDARE-k datu hauek erabiltzaileei eta bazkideei zerbitzu egokia emateko erabiliko ditu.<\/p><p>\u00a0<\/p><h3>ZENBAT DENBORAZ GORDEKO DIRA?<\/h3><p>Zure datuak ezabatzeko eskaera egiten ez duzun bitartean, LANDAREren fitxategietan gordeko dira.<\/p><p>\u00a0<\/p><h3>ZEIN DA OINARRI LEGALA?<\/h3><ol><li>Erabiltzaileak berariaz emandako baimena.<\/li><\/ol><h3>\u00a0<\/h3><h3>NORK JASO DITZAKE ZURE DATUAK?<\/h3><p>LANDARE-k ez ditu datuak hirugarrenen esku utziko, legezko betebeharra izan ezean.<\/p><h3>\u00a0<\/h3><h3>ZURE ESKUBIDEAK<\/h3><p>Datu-emaileak honako eskubideak ditu:<\/p><ul><li><strong>Sarbidea<\/strong> bere datuen inguruan.<\/li><li><strong>Zuzenketa<\/strong> okerrak badira.<\/li><li><strong>Ezabatzea<\/strong>, beharrezkoak ez direnean.<\/li><li><strong>Aurkaritza<\/strong>, tratamenduaren aurka.<\/li><li><strong>Mugaketa<\/strong>, erabilera zehatzetarako.<\/li><li><strong>Eramangarritasuna<\/strong>, formatu egituratuan.<\/li><li><strong>Baimena kentzea<\/strong> edozein unetan.<\/li><li><strong>Erreklamazioa<\/strong> Espainiako Datuen Babeserako Agentzian (<a href=\"http:\/\/www.agpd.es\">www.agpd.es<\/a>).<\/li><\/ul><p>Eskubide hauek egikaritzeko, erabiltzaileak bere NAN-aren kopia bidali beharko du helbide honetara:<br \/><strong>ASOCIACION NAVARRA ASUNTOS RELACIONADOS CON LA ECOLOG\u00cdA LANDARE \u2013 Traves\u00eda de Bernardino Tirapu 6-8, 31014, Iru\u00f1ea (Nafarroa)<\/strong> edo <strong>coordinacion@landare.org<\/strong> helbidera.<\/p>\t\t\t\t\t\t\t\t<\/div>\n\t\t\t\t<\/div>\n\t\t\t\t\t<\/div>\n\t\t\t\t<\/div>\n\t\t\t\t<\/div>\n\t\t","protected":false},"excerpt":{"rendered":"<p>Pribatutasun politika honek webgune honetako datu pertsonalen tratamenduen inguruan informazioa eskaintzen du eta interesdunen eskubideak deskribatzen ditu, 679\/2016 (EB) Erregelamendua (RGPD) eta 3\/2018 Lege Organikoa betez. \u00a0 NOR DA ZURE DATUEN ARDURADUNA? ASOCIACION NAVARRA ASUNTOS RELACIONADOS CON LA ECOLOG\u00cdA LANDAREC.I.F.: G31428303Helbidea: Traves\u00eda de Bernardino Tirapu 6-8, 31014, Iru\u00f1ea (Nafarroa)Telefonoa: 948121308Posta elektronikoa: coordinacion@landare.org \u00a0 ZER HELBURUREKIN [&hellip;]<\/p>\n","protected":false},"author":1,"featured_media":0,"parent":0,"menu_order":0,"comment_status":"closed","ping_status":"closed","template":"elementor_header_footer","meta":{"cybocfi_hide_featured_image":"","footnotes":""},"class_list":["post-20","page","type-page","status-publish","hentry"],"_links":{"self":[{"href":"https:\/\/landare.org\/eu\/wp-json\/wp\/v2\/pages\/20","targetHints":{"allow":["GET"]}}],"collection":[{"href":"https:\/\/landare.org\/eu\/wp-json\/wp\/v2\/pages"}],"about":[{"href":"https:\/\/landare.org\/eu\/wp-json\/wp\/v2\/types\/page"}],"author":[{"embeddable":true,"href":"https:\/\/landare.org\/eu\/wp-json\/wp\/v2\/users\/1"}],"replies":[{"embeddable":true,"href":"https:\/\/landare.org\/eu\/wp-json\/wp\/v2\/comments?post=20"}],"version-history":[{"count":9,"href":"https:\/\/landare.org\/eu\/wp-json\/wp\/v2\/pages\/20\/revisions"}],"predecessor-version":[{"id":2212,"href":"https:\/\/landare.org\/eu\/wp-json\/wp\/v2\/pages\/20\/revisions\/2212"}],"wp:attachment":[{"href":"https:\/\/landare.org\/eu\/wp-json\/wp\/v2\/media?parent=20"}],"curies":[{"name":"wp","href":"https:\/\/api.w.org\/{rel}","templated":true}]}}