{"id":2477,"date":"2025-10-03T10:40:19","date_gmt":"2025-10-03T08:40:19","guid":{"rendered":"https:\/\/landare.org\/le-pongo-un-titulo\/"},"modified":"2025-10-03T10:40:19","modified_gmt":"2025-10-03T08:40:19","slug":"le-pongo-un-titulo","status":"publish","type":"page","link":"https:\/\/landare.org\/eu\/le-pongo-un-titulo\/","title":{"rendered":"Le pongo un t\u00edtulo"},"content":{"rendered":"\t\t<div data-elementor-type=\"wp-page\" data-elementor-id=\"2477\" class=\"elementor elementor-2477 elementor-2420\">\n\t\t\t\t<div class=\"elementor-element elementor-element-321f8de1 e-flex e-con-boxed e-con e-parent\" data-id=\"321f8de1\" data-element_type=\"container\" data-e-type=\"container\" data-settings=\"{&quot;background_background&quot;:&quot;classic&quot;}\">\n\t\t\t\t\t<div class=\"e-con-inner\">\n\t\t<div class=\"elementor-element elementor-element-17af9a27 e-flex e-con-boxed e-con e-child\" data-id=\"17af9a27\" data-element_type=\"container\" data-e-type=\"container\" data-settings=\"{&quot;background_background&quot;:&quot;classic&quot;}\">\n\t\t\t\t\t<div class=\"e-con-inner\">\n\t\t<div class=\"elementor-element elementor-element-3877a84a e-con-full e-flex e-con e-child\" data-id=\"3877a84a\" data-element_type=\"container\" data-e-type=\"container\">\n\t\t\t\t<div class=\"elementor-element elementor-element-575bfe7b elementor-widget elementor-widget-heading\" data-id=\"575bfe7b\" data-element_type=\"widget\" data-e-type=\"widget\" data-widget_type=\"heading.default\">\n\t\t\t\t<div class=\"elementor-widget-container\">\n\t\t\t\t\t<h2 class=\"elementor-heading-title elementor-size-default\">\u00bfQui\u00e9nes somos?<\/h2>\t\t\t\t<\/div>\n\t\t\t\t<\/div>\n\t\t\t\t<div class=\"elementor-element elementor-element-739072e1 elementor-widget elementor-widget-text-editor\" data-id=\"739072e1\" data-element_type=\"widget\" data-e-type=\"widget\" data-widget_type=\"text-editor.default\">\n\t\t\t\t<div class=\"elementor-widget-container\">\n\t\t\t\t\t\t\t\t\t<p>Somos Landare, una organizaci\u00f3n sin \u00e1nimo de lucro formada por personas comprometidas con el consumo responsable de productos ecol\u00f3gicos. Llevamos cultivando este proyecto colectivo desde 1992, construyendo d\u00eda a d\u00eda un modelo alternativo de consumo, m\u00e1s justo, sostenible y consciente.<\/p><p>Apoyamos a peque\u00f1as productoras y productores locales, priorizando alimentos ecol\u00f3gicos de calidad, de temporada, en lo posible de cercan\u00eda.<\/p>\t\t\t\t\t\t\t\t<\/div>\n\t\t\t\t<\/div>\n\t\t\t\t<\/div>\n\t\t<div class=\"elementor-element elementor-element-2424ce4f e-con-full e-flex e-con e-child\" data-id=\"2424ce4f\" data-element_type=\"container\" data-e-type=\"container\">\n\t\t\t\t<div class=\"elementor-element elementor-element-43ed9a4a elementor-widget elementor-widget-image\" data-id=\"43ed9a4a\" data-element_type=\"widget\" data-e-type=\"widget\" data-widget_type=\"image.default\">\n\t\t\t\t<div class=\"elementor-widget-container\">\n\t\t\t\t\t\t\t\t\t\t\t\t\t\t\t<img fetchpriority=\"high\" decoding=\"async\" width=\"950\" height=\"590\" src=\"https:\/\/landare.org\/wp-content\/uploads\/2025\/07\/mask-group-2.png\" class=\"attachment-full size-full wp-image-546\" alt=\"Personas mirando productos en Landare\" srcset=\"https:\/\/landare.org\/wp-content\/uploads\/2025\/07\/mask-group-2.png 950w, https:\/\/landare.org\/wp-content\/uploads\/2025\/07\/mask-group-2-300x186.png 300w, https:\/\/landare.org\/wp-content\/uploads\/2025\/07\/mask-group-2-768x477.png 768w\" sizes=\"(max-width: 950px) 100vw, 950px\" \/>\t\t\t\t\t\t\t\t\t\t\t\t\t\t\t<\/div>\n\t\t\t\t<\/div>\n\t\t\t\t<\/div>\n\t\t\t\t\t<\/div>\n\t\t\t\t<\/div>\n\t\t\t\t\t<\/div>\n\t\t\t\t<\/div>\n\t\t<div class=\"elementor-element elementor-element-4b20becc e-flex e-con-boxed e-con e-parent\" data-id=\"4b20becc\" data-element_type=\"container\" data-e-type=\"container\" data-settings=\"{&quot;background_background&quot;:&quot;classic&quot;}\">\n\t\t\t\t\t<div class=\"e-con-inner\">\n\t\t<div class=\"elementor-element elementor-element-7d358d52 e-flex e-con-boxed e-con e-child\" data-id=\"7d358d52\" data-element_type=\"container\" data-e-type=\"container\" data-settings=\"{&quot;background_background&quot;:&quot;classic&quot;}\">\n\t\t\t\t\t<div class=\"e-con-inner\">\n\t\t<div class=\"elementor-element elementor-element-33db9525 e-con-full e-flex e-con e-child\" data-id=\"33db9525\" data-element_type=\"container\" data-e-type=\"container\">\n\t\t\t\t<div class=\"elementor-element elementor-element-60a0cfbd elementor-widget elementor-widget-image\" data-id=\"60a0cfbd\" data-element_type=\"widget\" data-e-type=\"widget\" data-widget_type=\"image.default\">\n\t\t\t\t<div class=\"elementor-widget-container\">\n\t\t\t\t\t\t\t\t\t\t\t\t\t\t\t<img fetchpriority=\"high\" decoding=\"async\" width=\"950\" height=\"590\" src=\"https:\/\/landare.org\/wp-content\/uploads\/2025\/07\/mask-group-2.png\" class=\"attachment-full size-full wp-image-546\" alt=\"Personas mirando productos en Landare\" srcset=\"https:\/\/landare.org\/wp-content\/uploads\/2025\/07\/mask-group-2.png 950w, https:\/\/landare.org\/wp-content\/uploads\/2025\/07\/mask-group-2-300x186.png 300w, https:\/\/landare.org\/wp-content\/uploads\/2025\/07\/mask-group-2-768x477.png 768w\" sizes=\"(max-width: 950px) 100vw, 950px\" \/>\t\t\t\t\t\t\t\t\t\t\t\t\t\t\t<\/div>\n\t\t\t\t<\/div>\n\t\t\t\t<\/div>\n\t\t<div class=\"elementor-element elementor-element-33a7ecf6 e-con-full e-flex e-con e-child\" data-id=\"33a7ecf6\" data-element_type=\"container\" data-e-type=\"container\">\n\t\t\t\t<div class=\"elementor-element elementor-element-7637a981 elementor-widget elementor-widget-heading\" data-id=\"7637a981\" data-element_type=\"widget\" data-e-type=\"widget\" data-widget_type=\"heading.default\">\n\t\t\t\t<div class=\"elementor-widget-container\">\n\t\t\t\t\t<h2 class=\"elementor-heading-title elementor-size-default\"> Nuestra misi\u00f3n<\/h2>\t\t\t\t<\/div>\n\t\t\t\t<\/div>\n\t\t\t\t<div class=\"elementor-element elementor-element-459b7f15 elementor-widget elementor-widget-text-editor\" data-id=\"459b7f15\" data-element_type=\"widget\" data-e-type=\"widget\" data-widget_type=\"text-editor.default\">\n\t\t\t\t<div class=\"elementor-widget-container\">\n\t\t\t\t\t\t\t\t\t<p>Queremos transformar nuestro entorno desde lo local, promoviendo formas de consumo y producci\u00f3n que sean sostenibles, justas, distribuidas (no acumulativas) y colaborativas (no clientelares). Apostamos por un cambio profundo en la manera en que nos alimentamos y nos relacionamos con quienes producen los alimentos.<\/p>\t\t\t\t\t\t\t\t<\/div>\n\t\t\t\t<\/div>\n\t\t\t\t<\/div>\n\t\t\t\t\t<\/div>\n\t\t\t\t<\/div>\n\t\t\t\t\t<\/div>\n\t\t\t\t<\/div>\n\t\t<div class=\"elementor-element elementor-element-2993eb9 e-flex e-con-boxed e-con e-parent\" data-id=\"2993eb9\" data-element_type=\"container\" data-e-type=\"container\" data-settings=\"{&quot;background_background&quot;:&quot;classic&quot;}\">\n\t\t\t\t\t<div class=\"e-con-inner\">\n\t\t<div class=\"elementor-element elementor-element-7000b72a e-flex e-con-boxed e-con e-child\" data-id=\"7000b72a\" data-element_type=\"container\" data-e-type=\"container\" data-settings=\"{&quot;background_background&quot;:&quot;classic&quot;}\">\n\t\t\t\t\t<div class=\"e-con-inner\">\n\t\t<div class=\"elementor-element elementor-element-3463dbfc e-con-full e-flex e-con e-child\" data-id=\"3463dbfc\" data-element_type=\"container\" data-e-type=\"container\">\n\t\t\t\t<div class=\"elementor-element elementor-element-1ca5bb82 elementor-widget elementor-widget-heading\" data-id=\"1ca5bb82\" data-element_type=\"widget\" data-e-type=\"widget\" data-widget_type=\"heading.default\">\n\t\t\t\t<div class=\"elementor-widget-container\">\n\t\t\t\t\t<h2 class=\"elementor-heading-title elementor-size-default\">Nuestra visi\u00f3n<\/h2>\t\t\t\t<\/div>\n\t\t\t\t<\/div>\n\t\t\t\t<div class=\"elementor-element elementor-element-2b6802b0 elementor-widget elementor-widget-text-editor\" data-id=\"2b6802b0\" data-element_type=\"widget\" data-e-type=\"widget\" data-widget_type=\"text-editor.default\">\n\t\t\t\t<div class=\"elementor-widget-container\">\n\t\t\t\t\t\t\t\t\t<p>Imaginamos una red viva y en crecimiento: espacios colaborativos donde encontrarnos, consumir de forma responsable y generar v\u00ednculos. Queremos que Landare sea motor y tejido de esta red en la Comarca de Pamplona, guiada por los principios de la soberan\u00eda alimentaria, la ecolog\u00eda, el desarrollo local sostenible y la Econom\u00eda Social y Solidaria.<\/p>\t\t\t\t\t\t\t\t<\/div>\n\t\t\t\t<\/div>\n\t\t\t\t<\/div>\n\t\t<div class=\"elementor-element elementor-element-4ef29527 e-con-full e-flex e-con e-child\" data-id=\"4ef29527\" data-element_type=\"container\" data-e-type=\"container\">\n\t\t\t\t<div class=\"elementor-element elementor-element-35355d21 elementor-widget elementor-widget-image\" data-id=\"35355d21\" data-element_type=\"widget\" data-e-type=\"widget\" data-widget_type=\"image.default\">\n\t\t\t\t<div class=\"elementor-widget-container\">\n\t\t\t\t\t\t\t\t\t\t\t\t\t\t\t<img fetchpriority=\"high\" decoding=\"async\" width=\"950\" height=\"590\" src=\"https:\/\/landare.org\/wp-content\/uploads\/2025\/07\/mask-group-2.png\" class=\"attachment-full size-full wp-image-546\" alt=\"Personas mirando productos en Landare\" srcset=\"https:\/\/landare.org\/wp-content\/uploads\/2025\/07\/mask-group-2.png 950w, https:\/\/landare.org\/wp-content\/uploads\/2025\/07\/mask-group-2-300x186.png 300w, https:\/\/landare.org\/wp-content\/uploads\/2025\/07\/mask-group-2-768x477.png 768w\" sizes=\"(max-width: 950px) 100vw, 950px\" \/>\t\t\t\t\t\t\t\t\t\t\t\t\t\t\t<\/div>\n\t\t\t\t<\/div>\n\t\t\t\t<\/div>\n\t\t\t\t\t<\/div>\n\t\t\t\t<\/div>\n\t\t\t\t\t<\/div>\n\t\t\t\t<\/div>\n\t\t\t\t<\/div>\n\t\t","protected":false},"excerpt":{"rendered":"<p>\u00bfQui\u00e9nes somos? Somos Landare, una organizaci\u00f3n sin \u00e1nimo de lucro formada por personas comprometidas con el consumo responsable de productos ecol\u00f3gicos. Llevamos cultivando este proyecto colectivo desde 1992, construyendo d\u00eda a d\u00eda un modelo alternativo de consumo, m\u00e1s justo, sostenible y consciente. Apoyamos a peque\u00f1as productoras y productores locales, priorizando alimentos ecol\u00f3gicos de calidad, de [&hellip;]<\/p>\n","protected":false},"author":1,"featured_media":0,"parent":0,"menu_order":0,"comment_status":"closed","ping_status":"closed","template":"elementor_header_footer","meta":{"cybocfi_hide_featured_image":"","footnotes":""},"class_list":["post-2477","page","type-page","status-publish","hentry"],"_links":{"self":[{"href":"https:\/\/landare.org\/eu\/wp-json\/wp\/v2\/pages\/2477","targetHints":{"allow":["GET"]}}],"collection":[{"href":"https:\/\/landare.org\/eu\/wp-json\/wp\/v2\/pages"}],"about":[{"href":"https:\/\/landare.org\/eu\/wp-json\/wp\/v2\/types\/page"}],"author":[{"embeddable":true,"href":"https:\/\/landare.org\/eu\/wp-json\/wp\/v2\/users\/1"}],"replies":[{"embeddable":true,"href":"https:\/\/landare.org\/eu\/wp-json\/wp\/v2\/comments?post=2477"}],"version-history":[{"count":0,"href":"https:\/\/landare.org\/eu\/wp-json\/wp\/v2\/pages\/2477\/revisions"}],"wp:attachment":[{"href":"https:\/\/landare.org\/eu\/wp-json\/wp\/v2\/media?parent=2477"}],"curies":[{"name":"wp","href":"https:\/\/api.w.org\/{rel}","templated":true}]}}