{"id":2497,"date":"2025-10-07T09:19:23","date_gmt":"2025-10-07T07:19:23","guid":{"rendered":"https:\/\/landare.org\/pongo-un-nombre\/"},"modified":"2025-10-07T09:23:41","modified_gmt":"2025-10-07T07:23:41","slug":"ajustar-slug-euskera","status":"publish","type":"page","link":"https:\/\/landare.org\/eu\/ajustar-slug-euskera\/","title":{"rendered":"Ajustar nombre en euskera"},"content":{"rendered":"\t\t<div data-elementor-type=\"wp-page\" data-elementor-id=\"2497\" class=\"elementor elementor-2497 elementor-2491\">\n\t\t\t\t<div class=\"elementor-element elementor-element-7e7ed33 e-flex e-con-boxed e-con e-parent\" data-id=\"7e7ed33\" data-element_type=\"container\" data-e-type=\"container\">\n\t\t\t\t\t<div class=\"e-con-inner\">\n\t\t<div class=\"elementor-element elementor-element-df22ee6 e-con-full e-flex e-con e-child\" data-id=\"df22ee6\" data-element_type=\"container\" data-e-type=\"container\">\n\t\t\t\t<\/div>\n\t\t\t\t\t<\/div>\n\t\t\t\t<\/div>\n\t\t<div class=\"elementor-element elementor-element-45e30e8c e-con-full e-flex e-con e-parent\" data-id=\"45e30e8c\" data-element_type=\"container\" data-e-type=\"container\" data-settings=\"{&quot;background_background&quot;:&quot;classic&quot;}\">\n\t\t<div class=\"elementor-element elementor-element-549c86e6 e-flex e-con-boxed e-con e-child\" data-id=\"549c86e6\" data-element_type=\"container\" data-e-type=\"container\" data-settings=\"{&quot;background_background&quot;:&quot;classic&quot;}\">\n\t\t\t\t\t<div class=\"e-con-inner\">\n\t\t\t\t<div class=\"elementor-element elementor-element-522af151 elementor-widget elementor-widget-heading\" data-id=\"522af151\" data-element_type=\"widget\" data-e-type=\"widget\" data-widget_type=\"heading.default\">\n\t\t\t\t<div class=\"elementor-widget-container\">\n\t\t\t\t\t<h1 class=\"elementor-heading-title elementor-size-default\">Con\u00f3cenos<\/h1>\t\t\t\t<\/div>\n\t\t\t\t<\/div>\n\t\t\t\t<div class=\"elementor-element elementor-element-7a732068 elementor-widget elementor-widget-shortcode\" data-id=\"7a732068\" data-element_type=\"widget\" data-e-type=\"widget\" data-widget_type=\"shortcode.default\">\n\t\t\t\t<div class=\"elementor-widget-container\">\n\t\t\t\t\t\t\t<div class=\"elementor-shortcode\"><div class=\"breadcrumbs\" xmlns:v=\"http:\/\/rdf.data-vocabulary.org\/#\"><span property=\"itemListElement\" typeof=\"ListItem\"><a property=\"item\" typeof=\"WebPage\" title=\"Go to Landare.org.\" href=\"https:\/\/landare.org\/eu\/\" class=\"home\" ><span property=\"name\">Landare.org<\/span><\/a><meta property=\"position\" content=\"1\"><\/span> &gt; <span property=\"itemListElement\" typeof=\"ListItem\"><a property=\"item\" typeof=\"WebPage\" title=\"Go to Aktualitatea.\" href=\"https:\/\/landare.org\/eu\/aktualitatea\/\" class=\"post-root post post-post\" aria-current=\"page\"><span property=\"name\">Aktualitatea<\/span><\/a><meta property=\"position\" content=\"2\"><\/span><\/div><\/div>\n\t\t\t\t\t\t<\/div>\n\t\t\t\t<\/div>\n\t\t\t\t\t<\/div>\n\t\t\t\t<\/div>\n\t\t\t\t<\/div>\n\t\t<div class=\"elementor-element elementor-element-79b18409 e-flex e-con-boxed e-con e-parent\" data-id=\"79b18409\" data-element_type=\"container\" data-e-type=\"container\" data-settings=\"{&quot;background_background&quot;:&quot;classic&quot;}\">\n\t\t\t\t\t<div class=\"e-con-inner\">\n\t\t<div class=\"elementor-element elementor-element-5e78d145 e-flex e-con-boxed e-con e-child\" data-id=\"5e78d145\" data-element_type=\"container\" data-e-type=\"container\" data-settings=\"{&quot;background_background&quot;:&quot;classic&quot;}\">\n\t\t\t\t\t<div class=\"e-con-inner\">\n\t\t<div class=\"elementor-element elementor-element-7a3a2432 e-con-full e-flex e-con e-child\" data-id=\"7a3a2432\" data-element_type=\"container\" data-e-type=\"container\">\n\t\t\t\t<div class=\"elementor-element elementor-element-2a951751 elementor-widget elementor-widget-heading\" data-id=\"2a951751\" data-element_type=\"widget\" data-e-type=\"widget\" data-widget_type=\"heading.default\">\n\t\t\t\t<div class=\"elementor-widget-container\">\n\t\t\t\t\t<h2 class=\"elementor-heading-title elementor-size-default\">\u00bfQui\u00e9nes somos?<\/h2>\t\t\t\t<\/div>\n\t\t\t\t<\/div>\n\t\t\t\t<div class=\"elementor-element elementor-element-593a72e elementor-widget elementor-widget-text-editor\" data-id=\"593a72e\" data-element_type=\"widget\" data-e-type=\"widget\" data-widget_type=\"text-editor.default\">\n\t\t\t\t<div class=\"elementor-widget-container\">\n\t\t\t\t\t\t\t\t\t<p>Somos Landare, una organizaci\u00f3n sin \u00e1nimo de lucro formada por personas comprometidas con el consumo responsable de productos ecol\u00f3gicos. Llevamos cultivando este proyecto colectivo desde 1992, construyendo d\u00eda a d\u00eda un modelo alternativo de consumo, m\u00e1s justo, sostenible y consciente.<\/p><p>Apoyamos a peque\u00f1as productoras y productores locales, priorizando alimentos ecol\u00f3gicos de calidad, de temporada, en lo posible de cercan\u00eda.<\/p>\t\t\t\t\t\t\t\t<\/div>\n\t\t\t\t<\/div>\n\t\t\t\t<\/div>\n\t\t<div class=\"elementor-element elementor-element-39c78424 e-con-full e-flex e-con e-child\" data-id=\"39c78424\" data-element_type=\"container\" data-e-type=\"container\">\n\t\t\t\t<div class=\"elementor-element elementor-element-8b6823f elementor-widget elementor-widget-image\" data-id=\"8b6823f\" data-element_type=\"widget\" data-e-type=\"widget\" data-widget_type=\"image.default\">\n\t\t\t\t<div class=\"elementor-widget-container\">\n\t\t\t\t\t\t\t\t\t\t\t\t\t\t\t<img fetchpriority=\"high\" decoding=\"async\" width=\"950\" height=\"590\" src=\"https:\/\/landare.org\/wp-content\/uploads\/2025\/07\/mask-group-2.png\" class=\"attachment-full size-full wp-image-546\" alt=\"Personas mirando productos en Landare\" srcset=\"https:\/\/landare.org\/wp-content\/uploads\/2025\/07\/mask-group-2.png 950w, https:\/\/landare.org\/wp-content\/uploads\/2025\/07\/mask-group-2-300x186.png 300w, https:\/\/landare.org\/wp-content\/uploads\/2025\/07\/mask-group-2-768x477.png 768w\" sizes=\"(max-width: 950px) 100vw, 950px\" \/>\t\t\t\t\t\t\t\t\t\t\t\t\t\t\t<\/div>\n\t\t\t\t<\/div>\n\t\t\t\t<\/div>\n\t\t\t\t\t<\/div>\n\t\t\t\t<\/div>\n\t\t\t\t\t<\/div>\n\t\t\t\t<\/div>\n\t\t<div class=\"elementor-element elementor-element-23e06878 e-flex e-con-boxed e-con e-parent\" data-id=\"23e06878\" data-element_type=\"container\" data-e-type=\"container\" data-settings=\"{&quot;background_background&quot;:&quot;classic&quot;}\">\n\t\t\t\t\t<div class=\"e-con-inner\">\n\t\t<div class=\"elementor-element elementor-element-7b7511a7 e-flex e-con-boxed e-con e-child\" data-id=\"7b7511a7\" data-element_type=\"container\" data-e-type=\"container\" data-settings=\"{&quot;background_background&quot;:&quot;classic&quot;}\">\n\t\t\t\t\t<div class=\"e-con-inner\">\n\t\t<div class=\"elementor-element elementor-element-3d50ac9e e-con-full e-flex e-con e-child\" data-id=\"3d50ac9e\" data-element_type=\"container\" data-e-type=\"container\">\n\t\t\t\t<div class=\"elementor-element elementor-element-20d895ea elementor-widget elementor-widget-image\" data-id=\"20d895ea\" data-element_type=\"widget\" data-e-type=\"widget\" data-widget_type=\"image.default\">\n\t\t\t\t<div class=\"elementor-widget-container\">\n\t\t\t\t\t\t\t\t\t\t\t\t\t\t\t<img fetchpriority=\"high\" decoding=\"async\" width=\"950\" height=\"590\" src=\"https:\/\/landare.org\/wp-content\/uploads\/2025\/07\/mask-group-2.png\" class=\"attachment-full size-full wp-image-546\" alt=\"Personas mirando productos en Landare\" srcset=\"https:\/\/landare.org\/wp-content\/uploads\/2025\/07\/mask-group-2.png 950w, https:\/\/landare.org\/wp-content\/uploads\/2025\/07\/mask-group-2-300x186.png 300w, https:\/\/landare.org\/wp-content\/uploads\/2025\/07\/mask-group-2-768x477.png 768w\" sizes=\"(max-width: 950px) 100vw, 950px\" \/>\t\t\t\t\t\t\t\t\t\t\t\t\t\t\t<\/div>\n\t\t\t\t<\/div>\n\t\t\t\t<\/div>\n\t\t<div class=\"elementor-element elementor-element-5bf99edf e-con-full e-flex e-con e-child\" data-id=\"5bf99edf\" data-element_type=\"container\" data-e-type=\"container\">\n\t\t\t\t<div class=\"elementor-element elementor-element-5857cdf7 elementor-widget elementor-widget-heading\" data-id=\"5857cdf7\" data-element_type=\"widget\" data-e-type=\"widget\" data-widget_type=\"heading.default\">\n\t\t\t\t<div class=\"elementor-widget-container\">\n\t\t\t\t\t<h2 class=\"elementor-heading-title elementor-size-default\"> Nuestra misi\u00f3n<\/h2>\t\t\t\t<\/div>\n\t\t\t\t<\/div>\n\t\t\t\t<div class=\"elementor-element elementor-element-64947158 elementor-widget elementor-widget-text-editor\" data-id=\"64947158\" data-element_type=\"widget\" data-e-type=\"widget\" data-widget_type=\"text-editor.default\">\n\t\t\t\t<div class=\"elementor-widget-container\">\n\t\t\t\t\t\t\t\t\t<p>Queremos transformar nuestro entorno desde lo local, promoviendo formas de consumo y producci\u00f3n que sean sostenibles, justas, distribuidas (no acumulativas) y colaborativas (no clientelares). Apostamos por un cambio profundo en la manera en que nos alimentamos y nos relacionamos con quienes producen los alimentos.<\/p>\t\t\t\t\t\t\t\t<\/div>\n\t\t\t\t<\/div>\n\t\t\t\t<\/div>\n\t\t\t\t\t<\/div>\n\t\t\t\t<\/div>\n\t\t\t\t\t<\/div>\n\t\t\t\t<\/div>\n\t\t<div class=\"elementor-element elementor-element-663d9a27 e-flex e-con-boxed e-con e-parent\" data-id=\"663d9a27\" data-element_type=\"container\" data-e-type=\"container\" data-settings=\"{&quot;background_background&quot;:&quot;classic&quot;}\">\n\t\t\t\t\t<div class=\"e-con-inner\">\n\t\t<div class=\"elementor-element elementor-element-756ed875 e-flex e-con-boxed e-con e-child\" data-id=\"756ed875\" data-element_type=\"container\" data-e-type=\"container\" data-settings=\"{&quot;background_background&quot;:&quot;classic&quot;}\">\n\t\t\t\t\t<div class=\"e-con-inner\">\n\t\t<div class=\"elementor-element elementor-element-e56df99 e-con-full e-flex e-con e-child\" data-id=\"e56df99\" data-element_type=\"container\" data-e-type=\"container\">\n\t\t\t\t<div class=\"elementor-element elementor-element-b2bd951 elementor-widget elementor-widget-heading\" data-id=\"b2bd951\" data-element_type=\"widget\" data-e-type=\"widget\" data-widget_type=\"heading.default\">\n\t\t\t\t<div class=\"elementor-widget-container\">\n\t\t\t\t\t<h2 class=\"elementor-heading-title elementor-size-default\">Nuestra visi\u00f3n<\/h2>\t\t\t\t<\/div>\n\t\t\t\t<\/div>\n\t\t\t\t<div class=\"elementor-element elementor-element-23b6669e elementor-widget elementor-widget-text-editor\" data-id=\"23b6669e\" data-element_type=\"widget\" data-e-type=\"widget\" data-widget_type=\"text-editor.default\">\n\t\t\t\t<div class=\"elementor-widget-container\">\n\t\t\t\t\t\t\t\t\t<p>Imaginamos una red viva y en crecimiento: espacios colaborativos donde encontrarnos, consumir de forma responsable y generar v\u00ednculos. Queremos que Landare sea motor y tejido de esta red en la Comarca de Pamplona, guiada por los principios de la soberan\u00eda alimentaria, la ecolog\u00eda, el desarrollo local sostenible y la Econom\u00eda Social y Solidaria.<\/p>\t\t\t\t\t\t\t\t<\/div>\n\t\t\t\t<\/div>\n\t\t\t\t<\/div>\n\t\t<div class=\"elementor-element elementor-element-72df5261 e-con-full e-flex e-con e-child\" data-id=\"72df5261\" data-element_type=\"container\" data-e-type=\"container\">\n\t\t\t\t<div class=\"elementor-element elementor-element-6c2eb8ba elementor-widget elementor-widget-image\" data-id=\"6c2eb8ba\" data-element_type=\"widget\" data-e-type=\"widget\" data-widget_type=\"image.default\">\n\t\t\t\t<div class=\"elementor-widget-container\">\n\t\t\t\t\t\t\t\t\t\t\t\t\t\t\t<img fetchpriority=\"high\" decoding=\"async\" width=\"950\" height=\"590\" src=\"https:\/\/landare.org\/wp-content\/uploads\/2025\/07\/mask-group-2.png\" class=\"attachment-full size-full wp-image-546\" alt=\"Personas mirando productos en Landare\" srcset=\"https:\/\/landare.org\/wp-content\/uploads\/2025\/07\/mask-group-2.png 950w, https:\/\/landare.org\/wp-content\/uploads\/2025\/07\/mask-group-2-300x186.png 300w, https:\/\/landare.org\/wp-content\/uploads\/2025\/07\/mask-group-2-768x477.png 768w\" sizes=\"(max-width: 950px) 100vw, 950px\" \/>\t\t\t\t\t\t\t\t\t\t\t\t\t\t\t<\/div>\n\t\t\t\t<\/div>\n\t\t\t\t<\/div>\n\t\t\t\t\t<\/div>\n\t\t\t\t<\/div>\n\t\t\t\t\t<\/div>\n\t\t\t\t<\/div>\n\t\t\t\t<\/div>\n\t\t","protected":false},"excerpt":{"rendered":"<p>Con\u00f3cenos \u00bfQui\u00e9nes somos? Somos Landare, una organizaci\u00f3n sin \u00e1nimo de lucro formada por personas comprometidas con el consumo responsable de productos ecol\u00f3gicos. Llevamos cultivando este proyecto colectivo desde 1992, construyendo d\u00eda a d\u00eda un modelo alternativo de consumo, m\u00e1s justo, sostenible y consciente. Apoyamos a peque\u00f1as productoras y productores locales, priorizando alimentos ecol\u00f3gicos de calidad, [&hellip;]<\/p>\n","protected":false},"author":3,"featured_media":0,"parent":0,"menu_order":0,"comment_status":"closed","ping_status":"closed","template":"elementor_header_footer","meta":{"cybocfi_hide_featured_image":"","footnotes":""},"class_list":["post-2497","page","type-page","status-publish","hentry"],"_links":{"self":[{"href":"https:\/\/landare.org\/eu\/wp-json\/wp\/v2\/pages\/2497","targetHints":{"allow":["GET"]}}],"collection":[{"href":"https:\/\/landare.org\/eu\/wp-json\/wp\/v2\/pages"}],"about":[{"href":"https:\/\/landare.org\/eu\/wp-json\/wp\/v2\/types\/page"}],"author":[{"embeddable":true,"href":"https:\/\/landare.org\/eu\/wp-json\/wp\/v2\/users\/3"}],"replies":[{"embeddable":true,"href":"https:\/\/landare.org\/eu\/wp-json\/wp\/v2\/comments?post=2497"}],"version-history":[{"count":1,"href":"https:\/\/landare.org\/eu\/wp-json\/wp\/v2\/pages\/2497\/revisions"}],"predecessor-version":[{"id":2498,"href":"https:\/\/landare.org\/eu\/wp-json\/wp\/v2\/pages\/2497\/revisions\/2498"}],"wp:attachment":[{"href":"https:\/\/landare.org\/eu\/wp-json\/wp\/v2\/media?parent=2497"}],"curies":[{"name":"wp","href":"https:\/\/api.w.org\/{rel}","templated":true}]}}